{"id":2616,"date":"2025-07-09T13:19:42","date_gmt":"2025-07-09T11:19:42","guid":{"rendered":"https:\/\/marfriecoprint.com\/?post_type=product&#038;p=2616"},"modified":"2026-03-06T04:12:14","modified_gmt":"2026-03-06T02:12:14","slug":"vestido-de-lino","status":"publish","type":"product","link":"https:\/\/marfriecoprint.com\/eu\/producto\/vestido-de-lino\/","title":{"rendered":"Vestido de lino"},"content":{"rendered":"<h2>Vestido de lino<\/h2>\n<p>Vestido de lino impreso a mano con la t\u00e9cnica de estampaci\u00f3n bot\u00e1nica ecoprint. Talla \u00fanica para todas y todos.<\/p>\n<p>El ecorprint es un proceso natural y art\u00edstico que permite te\u00f1ir y decorar tejidos sin el uso de tintes artificiales o productos qu\u00edmicos nocivos para el organismo.\u00a0 Cada prenda es \u00fanica e irrepetible, por lo que si compras este modelo\u00a0 podr\u00e1 llegarte con una estampaci\u00f3n diferente.<\/p>\n<p>Una vez realizado el pago, nos pondremos en contacto contigo para mostrarte y ofrecerte los diferentes estampados y colores disponibles.<\/p>\n<p>Consulta la t\u00e9cnica de ecoprint en este <a href=\"https:\/\/marfriecoprint.com\/tecnica\/\">enlace<\/a>.<\/p>\n<h2>Consejos para el cuidado<\/h2>\n<ul>\n<li>Lave la prenda a mano o en el ciclo delicado de la lavadora con agua fr\u00eda. Utilice un detergente suave para prendas delicadas y EVITE los detergentes con blanqueadores \u00f3pticos. Si es posible, use suavizantes.<\/li>\n<li>Evite exponer la prenda directamente a la luz solar intensa durante mucho tiempo, ya que esto puede afectar los colores naturales.<\/li>\n<li>S\u00e9quela a la sombra para mantener los pigmentos naturales. Evite usar la secadora, ya que el calor puede da\u00f1ar la textura y los colores.<\/li>\n<li>Guarde la prenda en un lugar oscuro y seco. Si es posible, utilice una bolsa de tela para protegerla del polvo y la luz.<\/li>\n<li>Planche con cuidado: Si necesita planchar la prenda, h\u00e1galo del rev\u00e9s y a baja temperatura. Puede colocar un pa\u00f1o delgado entre la plancha y la prenda, tambi\u00e9n puede usar vapor (dependiendo de la tela).<\/li>\n<\/ul>\n<p>&nbsp;<\/p>\n<p>&nbsp;<\/p>\n<p>&nbsp;<\/p>\n","protected":false},"excerpt":{"rendered":"<p>Vestido de lino con la t\u00e9cnica de estampaci\u00f3n bot\u00e1nica ecoprint. Talla \u00fanica para todas y todos.<\/p>\n<p>Consulta el proceso de compra en este enlace.<\/p>\n","protected":false},"featured_media":2618,"comment_status":"open","ping_status":"closed","template":"","meta":[],"product_brand":[],"product_cat":[73],"product_tag":[84,85,96,182],"class_list":{"0":"post-2616","1":"product","2":"type-product","3":"status-publish","4":"has-post-thumbnail","6":"product_cat-vestidos","7":"product_tag-ecoprint","8":"product_tag-lino","9":"product_tag-natural","10":"product_tag-vestido","12":"first","13":"instock","14":"featured","15":"taxable","16":"shipping-taxable","17":"purchasable","18":"product-type-simple"},"yoast_head":"<!-- This site is optimized with the Yoast SEO plugin v26.0 - https:\/\/yoast.com\/wordpress\/plugins\/seo\/ -->\n<title>Vestido de lino - Marfri Ecoprint<\/title>\n<meta name=\"description\" content=\"Vestido de lino con impresi\u00f3n natural y ecol\u00f3gica con hojas de diferentes plantas. Art\u00edculo irrepetible hecho a mano. Talla \u00fanica para todas y todos.\" \/>\n<meta name=\"robots\" content=\"index, follow, max-snippet:-1, max-image-preview:large, max-video-preview:-1\" \/>\n<link rel=\"canonical\" href=\"https:\/\/marfriecoprint.com\/producto\/vestido-de-lino\/\" \/>\n<meta property=\"og:locale\" content=\"eu_ES\" \/>\n<meta property=\"og:type\" content=\"article\" \/>\n<meta property=\"og:title\" content=\"Vestido de lino - Marfri Ecoprint\" \/>\n<meta property=\"og:description\" content=\"Vestido de lino con impresi\u00f3n natural y ecol\u00f3gica con hojas de diferentes plantas. Art\u00edculo irrepetible hecho a mano. Talla \u00fanica para todas y todos.\" \/>\n<meta property=\"og:url\" content=\"https:\/\/marfriecoprint.com\/producto\/vestido-de-lino\/\" \/>\n<meta property=\"og:site_name\" content=\"Marfri Ecoprint\" \/>\n<meta property=\"article:modified_time\" content=\"2026-03-06T02:12:14+00:00\" \/>\n<meta property=\"og:image\" content=\"https:\/\/marfriecoprint.com\/wp-content\/uploads\/2025\/07\/vestido-linoo-talla-unica-e1752062007320.jpeg\" \/>\n\t<meta property=\"og:image:width\" content=\"692\" \/>\n\t<meta property=\"og:image:height\" content=\"1400\" \/>\n\t<meta property=\"og:image:type\" content=\"image\/jpeg\" \/>\n<meta name=\"twitter:card\" content=\"summary_large_image\" \/>\n<meta name=\"twitter:label1\" content=\"Est. reading time\" \/>\n\t<meta name=\"twitter:data1\" content=\"2 minutes\" \/>\n<script type=\"application\/ld+json\" class=\"yoast-schema-graph\">{\"@context\":\"https:\/\/schema.org\",\"@graph\":[{\"@type\":\"WebPage\",\"@id\":\"https:\/\/marfriecoprint.com\/producto\/vestido-de-lino\/\",\"url\":\"https:\/\/marfriecoprint.com\/producto\/vestido-de-lino\/\",\"name\":\"Vestido de lino - Marfri Ecoprint\",\"isPartOf\":{\"@id\":\"https:\/\/marfriecoprint.com\/#website\"},\"primaryImageOfPage\":{\"@id\":\"https:\/\/marfriecoprint.com\/producto\/vestido-de-lino\/#primaryimage\"},\"image\":{\"@id\":\"https:\/\/marfriecoprint.com\/producto\/vestido-de-lino\/#primaryimage\"},\"thumbnailUrl\":\"https:\/\/marfriecoprint.com\/wp-content\/uploads\/2025\/07\/vestido-linoo-talla-unica-e1752062007320.jpeg\",\"datePublished\":\"2025-07-09T11:19:42+00:00\",\"dateModified\":\"2026-03-06T02:12:14+00:00\",\"description\":\"Vestido de lino con impresi\u00f3n natural y ecol\u00f3gica con hojas de diferentes plantas. Art\u00edculo irrepetible hecho a mano. Talla \u00fanica para todas y todos.\",\"breadcrumb\":{\"@id\":\"https:\/\/marfriecoprint.com\/producto\/vestido-de-lino\/#breadcrumb\"},\"inLanguage\":\"eu-ES\",\"potentialAction\":[{\"@type\":\"ReadAction\",\"target\":[\"https:\/\/marfriecoprint.com\/producto\/vestido-de-lino\/\"]}]},{\"@type\":\"ImageObject\",\"inLanguage\":\"eu-ES\",\"@id\":\"https:\/\/marfriecoprint.com\/producto\/vestido-de-lino\/#primaryimage\",\"url\":\"https:\/\/marfriecoprint.com\/wp-content\/uploads\/2025\/07\/vestido-linoo-talla-unica-e1752062007320.jpeg\",\"contentUrl\":\"https:\/\/marfriecoprint.com\/wp-content\/uploads\/2025\/07\/vestido-linoo-talla-unica-e1752062007320.jpeg\",\"width\":692,\"height\":1400},{\"@type\":\"BreadcrumbList\",\"@id\":\"https:\/\/marfriecoprint.com\/producto\/vestido-de-lino\/#breadcrumb\",\"itemListElement\":[{\"@type\":\"ListItem\",\"position\":1,\"name\":\"Portada\",\"item\":\"https:\/\/marfriecoprint.com\/eu\/\"},{\"@type\":\"ListItem\",\"position\":2,\"name\":\"Tienda\",\"item\":\"https:\/\/marfriecoprint.com\/tienda\/\"},{\"@type\":\"ListItem\",\"position\":3,\"name\":\"Vestido de lino\"}]},{\"@type\":\"WebSite\",\"@id\":\"https:\/\/marfriecoprint.com\/#website\",\"url\":\"https:\/\/marfriecoprint.com\/\",\"name\":\"Marfri Ecoprint\",\"description\":\"Impresi\u00f3n bot\u00e1nica natural\",\"publisher\":{\"@id\":\"https:\/\/marfriecoprint.com\/#organization\"},\"potentialAction\":[{\"@type\":\"SearchAction\",\"target\":{\"@type\":\"EntryPoint\",\"urlTemplate\":\"https:\/\/marfriecoprint.com\/?s={search_term_string}\"},\"query-input\":{\"@type\":\"PropertyValueSpecification\",\"valueRequired\":true,\"valueName\":\"search_term_string\"}}],\"inLanguage\":\"eu-ES\"},{\"@type\":\"Organization\",\"@id\":\"https:\/\/marfriecoprint.com\/#organization\",\"name\":\"Marfri Ecoprint\",\"url\":\"https:\/\/marfriecoprint.com\/\",\"logo\":{\"@type\":\"ImageObject\",\"inLanguage\":\"eu-ES\",\"@id\":\"https:\/\/marfriecoprint.com\/#\/schema\/logo\/image\/\",\"url\":\"https:\/\/marfriecoprint.com\/wp-content\/uploads\/2023\/06\/logotipo.png\",\"contentUrl\":\"https:\/\/marfriecoprint.com\/wp-content\/uploads\/2023\/06\/logotipo.png\",\"width\":1424,\"height\":1240,\"caption\":\"Marfri Ecoprint\"},\"image\":{\"@id\":\"https:\/\/marfriecoprint.com\/#\/schema\/logo\/image\/\"}}]}<\/script>\n<!-- \/ Yoast SEO plugin. -->","yoast_head_json":{"title":"Vestido de lino - Marfri Ecoprint","description":"Vestido de lino con impresi\u00f3n natural y ecol\u00f3gica con hojas de diferentes plantas. Art\u00edculo irrepetible hecho a mano. Talla \u00fanica para todas y todos.","robots":{"index":"index","follow":"follow","max-snippet":"max-snippet:-1","max-image-preview":"max-image-preview:large","max-video-preview":"max-video-preview:-1"},"canonical":"https:\/\/marfriecoprint.com\/producto\/vestido-de-lino\/","og_locale":"eu_ES","og_type":"article","og_title":"Vestido de lino - Marfri Ecoprint","og_description":"Vestido de lino con impresi\u00f3n natural y ecol\u00f3gica con hojas de diferentes plantas. Art\u00edculo irrepetible hecho a mano. Talla \u00fanica para todas y todos.","og_url":"https:\/\/marfriecoprint.com\/producto\/vestido-de-lino\/","og_site_name":"Marfri Ecoprint","article_modified_time":"2026-03-06T02:12:14+00:00","og_image":[{"width":692,"height":1400,"url":"https:\/\/marfriecoprint.com\/wp-content\/uploads\/2025\/07\/vestido-linoo-talla-unica-e1752062007320.jpeg","type":"image\/jpeg"}],"twitter_card":"summary_large_image","twitter_misc":{"Est. reading time":"2 minutes"},"schema":{"@context":"https:\/\/schema.org","@graph":[{"@type":"WebPage","@id":"https:\/\/marfriecoprint.com\/producto\/vestido-de-lino\/","url":"https:\/\/marfriecoprint.com\/producto\/vestido-de-lino\/","name":"Vestido de lino - Marfri Ecoprint","isPartOf":{"@id":"https:\/\/marfriecoprint.com\/#website"},"primaryImageOfPage":{"@id":"https:\/\/marfriecoprint.com\/producto\/vestido-de-lino\/#primaryimage"},"image":{"@id":"https:\/\/marfriecoprint.com\/producto\/vestido-de-lino\/#primaryimage"},"thumbnailUrl":"https:\/\/marfriecoprint.com\/wp-content\/uploads\/2025\/07\/vestido-linoo-talla-unica-e1752062007320.jpeg","datePublished":"2025-07-09T11:19:42+00:00","dateModified":"2026-03-06T02:12:14+00:00","description":"Vestido de lino con impresi\u00f3n natural y ecol\u00f3gica con hojas de diferentes plantas. Art\u00edculo irrepetible hecho a mano. Talla \u00fanica para todas y todos.","breadcrumb":{"@id":"https:\/\/marfriecoprint.com\/producto\/vestido-de-lino\/#breadcrumb"},"inLanguage":"eu-ES","potentialAction":[{"@type":"ReadAction","target":["https:\/\/marfriecoprint.com\/producto\/vestido-de-lino\/"]}]},{"@type":"ImageObject","inLanguage":"eu-ES","@id":"https:\/\/marfriecoprint.com\/producto\/vestido-de-lino\/#primaryimage","url":"https:\/\/marfriecoprint.com\/wp-content\/uploads\/2025\/07\/vestido-linoo-talla-unica-e1752062007320.jpeg","contentUrl":"https:\/\/marfriecoprint.com\/wp-content\/uploads\/2025\/07\/vestido-linoo-talla-unica-e1752062007320.jpeg","width":692,"height":1400},{"@type":"BreadcrumbList","@id":"https:\/\/marfriecoprint.com\/producto\/vestido-de-lino\/#breadcrumb","itemListElement":[{"@type":"ListItem","position":1,"name":"Portada","item":"https:\/\/marfriecoprint.com\/eu\/"},{"@type":"ListItem","position":2,"name":"Tienda","item":"https:\/\/marfriecoprint.com\/tienda\/"},{"@type":"ListItem","position":3,"name":"Vestido de lino"}]},{"@type":"WebSite","@id":"https:\/\/marfriecoprint.com\/#website","url":"https:\/\/marfriecoprint.com\/","name":"Marfri Ecoprint","description":"Impresi\u00f3n bot\u00e1nica natural","publisher":{"@id":"https:\/\/marfriecoprint.com\/#organization"},"potentialAction":[{"@type":"SearchAction","target":{"@type":"EntryPoint","urlTemplate":"https:\/\/marfriecoprint.com\/?s={search_term_string}"},"query-input":{"@type":"PropertyValueSpecification","valueRequired":true,"valueName":"search_term_string"}}],"inLanguage":"eu-ES"},{"@type":"Organization","@id":"https:\/\/marfriecoprint.com\/#organization","name":"Marfri Ecoprint","url":"https:\/\/marfriecoprint.com\/","logo":{"@type":"ImageObject","inLanguage":"eu-ES","@id":"https:\/\/marfriecoprint.com\/#\/schema\/logo\/image\/","url":"https:\/\/marfriecoprint.com\/wp-content\/uploads\/2023\/06\/logotipo.png","contentUrl":"https:\/\/marfriecoprint.com\/wp-content\/uploads\/2023\/06\/logotipo.png","width":1424,"height":1240,"caption":"Marfri Ecoprint"},"image":{"@id":"https:\/\/marfriecoprint.com\/#\/schema\/logo\/image\/"}}]}},"_links":{"self":[{"href":"https:\/\/marfriecoprint.com\/eu\/wp-json\/wp\/v2\/product\/2616","targetHints":{"allow":["GET"]}}],"collection":[{"href":"https:\/\/marfriecoprint.com\/eu\/wp-json\/wp\/v2\/product"}],"about":[{"href":"https:\/\/marfriecoprint.com\/eu\/wp-json\/wp\/v2\/types\/product"}],"replies":[{"embeddable":true,"href":"https:\/\/marfriecoprint.com\/eu\/wp-json\/wp\/v2\/comments?post=2616"}],"wp:featuredmedia":[{"embeddable":true,"href":"https:\/\/marfriecoprint.com\/eu\/wp-json\/wp\/v2\/media\/2618"}],"wp:attachment":[{"href":"https:\/\/marfriecoprint.com\/eu\/wp-json\/wp\/v2\/media?parent=2616"}],"wp:term":[{"taxonomy":"product_brand","embeddable":true,"href":"https:\/\/marfriecoprint.com\/eu\/wp-json\/wp\/v2\/product_brand?post=2616"},{"taxonomy":"product_cat","embeddable":true,"href":"https:\/\/marfriecoprint.com\/eu\/wp-json\/wp\/v2\/product_cat?post=2616"},{"taxonomy":"product_tag","embeddable":true,"href":"https:\/\/marfriecoprint.com\/eu\/wp-json\/wp\/v2\/product_tag?post=2616"}],"curies":[{"name":"wp","href":"https:\/\/api.w.org\/{rel}","templated":true}]}}